{"id":2794,"date":"2024-11-14T11:50:48","date_gmt":"2024-11-14T10:50:48","guid":{"rendered":"https:\/\/theophileyvert.com\/?page_id=2794"},"modified":"2024-11-14T15:07:48","modified_gmt":"2024-11-14T14:07:48","slug":"tetra-genesis","status":"publish","type":"page","link":"https:\/\/theophileyvert.com\/index.php\/tetra-genesis\/","title":{"rendered":"Tetra Genesis"},"content":{"rendered":"<style>.kb-row-layout-id2794_b614d0-73 > .kt-row-column-wrap{align-content:start;}:where(.kb-row-layout-id2794_b614d0-73 > .kt-row-column-wrap) > .wp-block-kadence-column{justify-content:start;}.kb-row-layout-id2794_b614d0-73 > .kt-row-column-wrap{column-gap:var(--global-kb-gap-md, 2rem);row-gap:var(--global-kb-gap-md, 2rem);max-width:75%;margin-left:auto;margin-right:auto;padding-top:var(--global-kb-spacing-sm, 1.5rem);padding-bottom:var(--global-kb-spacing-sm, 1.5rem);grid-template-columns:minmax(0, 1fr) minmax(0, 2fr);}.kb-row-layout-id2794_b614d0-73 > .kt-row-layout-overlay{opacity:0.30;}@media all and (max-width: 1024px){.kb-row-layout-id2794_b614d0-73 > .kt-row-column-wrap{grid-template-columns:repeat(2, minmax(0, 1fr));}}@media all and (max-width: 767px){.kb-row-layout-id2794_b614d0-73 > .kt-row-column-wrap{grid-template-columns:minmax(0, 1fr);}}<\/style><div class=\"kb-row-layout-wrap kb-row-layout-id2794_b614d0-73 alignnone wp-block-kadence-rowlayout\"><div class=\"kt-row-column-wrap kt-has-2-columns kt-row-layout-right-golden kt-tab-layout-inherit kt-mobile-layout-row kt-row-valign-top\">\n<style>.kadence-column2794_bfecb1-34 > .kt-inside-inner-col,.kadence-column2794_bfecb1-34 > .kt-inside-inner-col:before{border-top-left-radius:0px;border-top-right-radius:0px;border-bottom-right-radius:0px;border-bottom-left-radius:0px;}.kadence-column2794_bfecb1-34 > .kt-inside-inner-col{column-gap:var(--global-kb-gap-sm, 1rem);}.kadence-column2794_bfecb1-34 > .kt-inside-inner-col{flex-direction:column;}.kadence-column2794_bfecb1-34 > .kt-inside-inner-col > .aligncenter{width:100%;}.kadence-column2794_bfecb1-34 > .kt-inside-inner-col:before{opacity:0.3;}.kadence-column2794_bfecb1-34{position:relative;}@media all and (max-width: 1024px){.kadence-column2794_bfecb1-34 > .kt-inside-inner-col{flex-direction:column;}}@media all and (max-width: 767px){.kadence-column2794_bfecb1-34 > .kt-inside-inner-col{flex-direction:column;}}<\/style>\n<div class=\"wp-block-kadence-column kadence-column2794_bfecb1-34\"><div class=\"kt-inside-inner-col\"><style>.kb-image2794_2e1f03-77 .kb-image-has-overlay:after{opacity:0.3;}<\/style>\n<figure class=\"wp-block-kadence-image kb-image2794_2e1f03-77\"><img loading=\"lazy\" decoding=\"async\" width=\"1080\" height=\"1920\" src=\"https:\/\/theophileyvert.com\/wp-content\/uploads\/2024\/10\/Tetra-Genesis1.png\" alt=\"\" class=\"kb-img wp-image-2688\" srcset=\"https:\/\/theophileyvert.com\/wp-content\/uploads\/2024\/10\/Tetra-Genesis1.png 1080w, https:\/\/theophileyvert.com\/wp-content\/uploads\/2024\/10\/Tetra-Genesis1-169x300.png 169w, https:\/\/theophileyvert.com\/wp-content\/uploads\/2024\/10\/Tetra-Genesis1-576x1024.png 576w, https:\/\/theophileyvert.com\/wp-content\/uploads\/2024\/10\/Tetra-Genesis1-768x1365.png 768w, https:\/\/theophileyvert.com\/wp-content\/uploads\/2024\/10\/Tetra-Genesis1-864x1536.png 864w\" sizes=\"auto, (max-width: 1080px) 100vw, 1080px\" \/><\/figure>\n<\/div><\/div>\n\n\n<style>.kadence-column2794_c43b1b-d7 > .kt-inside-inner-col,.kadence-column2794_c43b1b-d7 > .kt-inside-inner-col:before{border-top-left-radius:0px;border-top-right-radius:0px;border-bottom-right-radius:0px;border-bottom-left-radius:0px;}.kadence-column2794_c43b1b-d7 > .kt-inside-inner-col{column-gap:var(--global-kb-gap-sm, 1rem);}.kadence-column2794_c43b1b-d7 > .kt-inside-inner-col{flex-direction:column;}.kadence-column2794_c43b1b-d7 > .kt-inside-inner-col > .aligncenter{width:100%;}.kadence-column2794_c43b1b-d7 > .kt-inside-inner-col:before{opacity:0.3;}.kadence-column2794_c43b1b-d7{position:relative;}@media all and (max-width: 1024px){.kadence-column2794_c43b1b-d7 > .kt-inside-inner-col{flex-direction:column;}}@media all and (max-width: 767px){.kadence-column2794_c43b1b-d7 > .kt-inside-inner-col{flex-direction:column;}}<\/style>\n<div class=\"wp-block-kadence-column kadence-column2794_c43b1b-d7\"><div class=\"kt-inside-inner-col\"><style>.wp-block-kadence-advancedheading.kt-adv-heading2794_84f2aa-99, .wp-block-kadence-advancedheading.kt-adv-heading2794_84f2aa-99[data-kb-block=\"kb-adv-heading2794_84f2aa-99\"]{font-style:normal;}.wp-block-kadence-advancedheading.kt-adv-heading2794_84f2aa-99 mark, .wp-block-kadence-advancedheading.kt-adv-heading2794_84f2aa-99[data-kb-block=\"kb-adv-heading2794_84f2aa-99\"] mark{font-style:normal;color:#f76a0c;padding-top:0px;padding-right:0px;padding-bottom:0px;padding-left:0px;}<\/style>\n<h2 class=\"kt-adv-heading2794_84f2aa-99 wp-block-kadence-advancedheading\" data-kb-block=\"kb-adv-heading2794_84f2aa-99\">Tetra Genesis<\/h2>\n\n\n<style>.wp-block-kadence-advancedheading.kt-adv-heading2794_c2816f-99, .wp-block-kadence-advancedheading.kt-adv-heading2794_c2816f-99[data-kb-block=\"kb-adv-heading2794_c2816f-99\"]{font-size:var(--global-kb-font-size-md, 1.25rem);font-style:normal;}.wp-block-kadence-advancedheading.kt-adv-heading2794_c2816f-99 mark, .wp-block-kadence-advancedheading.kt-adv-heading2794_c2816f-99[data-kb-block=\"kb-adv-heading2794_c2816f-99\"] mark{font-style:normal;color:#f76a0c;padding-top:0px;padding-right:0px;padding-bottom:0px;padding-left:0px;}<\/style>\n<p class=\"kt-adv-heading2794_c2816f-99 wp-block-kadence-advancedheading\" data-kb-block=\"kb-adv-heading2794_c2816f-99\">Film court abstrait (MOPA). Une d\u00e9esse cr\u00e9e le monde avec des particules. La divinit\u00e9 est retranscrite gr\u00e2ce aux choeurs bulgares, les synth\u00e9tiseurs s&rsquo;y m\u00ealent pour \u00e9tablir une atmosph\u00e8re douce et \u00e9trange.<\/p>\n\n\n\t\t<div class='wp-block-scb-sound-cloud  align' id='scbSoundCloud-65cabe1c-e' data-attributes='{&quot;cId&quot;:&quot;65cabe1c-e&quot;,&quot;tracks&quot;:[{&quot;url&quot;:&quot;https:\\\/\\\/soundcloud.com\\\/user-396676644\\\/sets\\\/tetra-genesis?si=47258172264d48d29a10116b6f52cc41&amp;utm_source=clipboard&amp;utm_medium=text&amp;utm_campaign=social_sharing&quot;,&quot;startTrack&quot;:0}],&quot;alignment&quot;:&quot;center&quot;,&quot;align&quot;:&quot;&quot;,&quot;options&quot;:{&quot;isAutoPlay&quot;:true,&quot;color&quot;:&quot;#f50&quot;,&quot;isBuying&quot;:true,&quot;isSharing&quot;:true,&quot;isDownload&quot;:true,&quot;isArtWork&quot;:true,&quot;isPlayCount&quot;:true,&quot;isUser&quot;:true,&quot;isSingleActive&quot;:true,&quot;isComments&quot;:true,&quot;isVisual&quot;:false,&quot;isTeaser&quot;:false,&quot;isHideRelated&quot;:false},&quot;iframeStyle&quot;:{&quot;width&quot;:&quot;100%&quot;,&quot;height&quot;:&quot;170px&quot;},&quot;frameBorder&quot;:{&quot;color&quot;:&quot;#000&quot;,&quot;style&quot;:&quot;solid&quot;,&quot;width&quot;:&quot;1px&quot;},&quot;frameBRadius&quot;:{&quot;top&quot;:&quot;3px&quot;,&quot;bottom&quot;:&quot;3px&quot;,&quot;left&quot;:&quot;3px&quot;,&quot;right&quot;:&quot;3px&quot;},&quot;frameBoxShadow&quot;:[]}'><\/div>\n\n\t\t<\/div><\/div>\n\n<\/div><\/div>\n\n\n<p><\/p>\n","protected":false},"excerpt":{"rendered":"<p>Tetra Genesis Film court abstrait (MOPA). Une d\u00e9esse cr\u00e9e le monde avec des particules. La divinit\u00e9 est retranscrite gr\u00e2ce aux choeurs bulgares, les synth\u00e9tiseurs s&rsquo;y m\u00ealent pour \u00e9tablir une atmosph\u00e8re douce et \u00e9trange.<\/p>\n","protected":false},"author":1,"featured_media":0,"parent":0,"menu_order":0,"comment_status":"closed","ping_status":"closed","template":"","meta":{"_kadence_starter_templates_imported_post":false,"_kad_post_transparent":"","_kad_post_title":"","_kad_post_layout":"","_kad_post_sidebar_id":"","_kad_post_content_style":"","_kad_post_vertical_padding":"","_kad_post_feature":"","_kad_post_feature_position":"","_kad_post_header":false,"_kad_post_footer":false,"footnotes":""},"class_list":["post-2794","page","type-page","status-publish","hentry"],"_links":{"self":[{"href":"https:\/\/theophileyvert.com\/index.php\/wp-json\/wp\/v2\/pages\/2794","targetHints":{"allow":["GET"]}}],"collection":[{"href":"https:\/\/theophileyvert.com\/index.php\/wp-json\/wp\/v2\/pages"}],"about":[{"href":"https:\/\/theophileyvert.com\/index.php\/wp-json\/wp\/v2\/types\/page"}],"author":[{"embeddable":true,"href":"https:\/\/theophileyvert.com\/index.php\/wp-json\/wp\/v2\/users\/1"}],"replies":[{"embeddable":true,"href":"https:\/\/theophileyvert.com\/index.php\/wp-json\/wp\/v2\/comments?post=2794"}],"version-history":[{"count":2,"href":"https:\/\/theophileyvert.com\/index.php\/wp-json\/wp\/v2\/pages\/2794\/revisions"}],"predecessor-version":[{"id":2796,"href":"https:\/\/theophileyvert.com\/index.php\/wp-json\/wp\/v2\/pages\/2794\/revisions\/2796"}],"wp:attachment":[{"href":"https:\/\/theophileyvert.com\/index.php\/wp-json\/wp\/v2\/media?parent=2794"}],"curies":[{"name":"wp","href":"https:\/\/api.w.org\/{rel}","templated":true}]}}